{"id":207,"date":"2015-09-04T00:41:12","date_gmt":"2015-09-03T22:41:12","guid":{"rendered":"http:\/\/localhost\/albokaabesbatza\/?page_id=207"},"modified":"2023-02-23T16:54:27","modified_gmt":"2023-02-23T15:54:27","slug":"directores","status":"publish","type":"page","link":"https:\/\/www.albokaabesbatza.com\/es\/directores\/","title":{"rendered":"Directores"},"content":{"rendered":"<p><div class=\"row img-top\"><div class=\"col-lg-4 col-md-4 col-xs-12 col-sm-3\">\n<img decoding=\"async\" src=\"https:\/\/www.albokaabesbatza.com\/wp-content\/uploads\/2015\/09\/MontseLatorre.jpg\" class=\"img-responsive oscitas-res-image\" alt=\"\">\n<\/div>\n<div class=\"col-lg-8 col-md-8 col-xs-12 col-sm-9\"><\/p>\n<h3>Montse Latorre<\/h3>\n<p style=\"margin-top: -16px; color: #dc495e;\"><strong>Actual directora de Alboka Abesbatza<\/strong><\/p>\n<hr style=\"margin-top: -28px;\">\n<blockquote>\n<p style=\"color: #91d4da; font-weight: 100; font-size: 24px; font-style: italic;\">Montse Latorre Ortega compagina su labor de profesora de primaria con la direcci\u00f3n de Alboka Abesbatza. Adem\u00e1s es coralista de Aquam Lauda, bajo la direcci\u00f3n del compositor Javier Busto.<\/p>\n<\/blockquote>\n<p>Coralista de Alboka Abesbatza desde 1996, comparti\u00f3 la direcci\u00f3n con Kristina P\u00e9rez Abreu en 2008 y asume la direcci\u00f3n del coro desde 2012.<br \/>\nRealiza su formaci\u00f3n musical, en la especialidad de piano, en la Escuela de M\u00fasica de Lasarte-Oria, con la profesora y compositora Junkal Guerrero. Ampl\u00eda su formaci\u00f3n en el \u00e1mbito coral asistiendo a los cursos y talleres organizados por la Federaci\u00f3n de Coros de Guip\u00fazcoa, Euskal Herria, Arag\u00f3n y Espa\u00f1a (COACE). Es a su vez diplomada en Educaci\u00f3n Primaria y Licenciada en Psicopedagog\u00eda.<br \/>\nHa dirigido las corales infantiles guipuzcoanas Alboka Txiki, Txepetxa, Summa Aldapeta y Orfeoi Txiki (coral infantil del Orfe\u00f3n donostiarra). Tambi\u00e9n ha sido pianista durante dos a\u00f1os del coro de la Asociaci\u00f3n de Escuelas de M\u00fasica de Euskal Herria.<br \/>\nDe su experiencia coral cabe destacar su andadura como coralista en Hirusta Abesbatza (coral que obtiene diferentes premios estatales) y Kanta Cantemus Korua (dirigida por Javier Busto, consiguiendo premios internacionales). Adem\u00e1s ha participado junto con Landarbaso Abesbatza en las Olimpiadas corales de Shaoxing, China (2010) y en el concurso internacional Spittalan der Drau, Austria (2012), obteniendo premios en ambos.<\/p>\n<p><\/div>\n<\/div><\/p>\n<hr class=\"showme765\" style=\"margin-top: 0px;\">\n<div class=\"row \"><div class=\"col-lg-2 col-md-2 col-xs-12 col-sm-3\">\n<img decoding=\"async\" src=\"https:\/\/www.albokaabesbatza.com\/wp-content\/uploads\/2015\/09\/kristina.jpg\" class=\"img-responsive oscitas-res-image\" alt=\"\">\n<\/div>\n<div class=\"col-lg-10 col-md-10 col-xs-12 col-sm-9\"><\/p>\n<h4>Kristina Perez Abreu<\/h4>\n<p>Kristina Perez Abreu coralista de Alboka abesbatza desde sus inicios y directora de Alboka-Txiki durante el periodo 1993-1996 junto a Mario Belda. Accede a la direcci\u00f3n de Alboka abesbatza en 1996 cuando Daniel Adrian le entrega la batuta del coro. Tambi\u00e9n ha dirigido al coro Alaia de San Sebasti\u00e1n, coral perteneciente a la ONCE. Comparte la direcci\u00f3n de Alboka abesbatza con Montse Latorre desde 2008 hasta 2013. Actualmente es coralista de Alboka Abesbatza.<\/div>\n<\/div>\n<hr class=\"showme765\" style=\"margin-top: 0px;\">\n<p><div class=\"row \"><div class=\"col-lg-12 col-md-12 col-xs-12 col-sm-12\"><\/p>\n<h4>Daniel Adrian<\/h4>\n<p>En 1977, Daniel Adrian entra a formar parte de Alboka, formaci\u00f3n de voces graves dirigida por Felipe Lizarraga. Cuando Felipe Lizarraga dej\u00f3 el cargo, Daniel se hacer cargo de la direcci\u00f3n de la coral. Propici\u00f3 el cambio de rumbo de la agrupaci\u00f3n de coro de voces graves a coro mixto. En 1987 present\u00f3 el nuevo proyecto en una reuni\u00f3n abierta. Despu\u00e9s de un arduo trabajo, dirigi\u00f3 el primer concierto del coro mixto el 24 de junior de 1988 en la parroquia de San Pedro. Luch\u00f3 durante 10 a\u00f1os por este proyecto como director de la coral y en 1996 cedi\u00f3 su batuta a Kristina Perez Abreu.<\/p>\n<h3>Directores de Alboka Txiki abesbatza<\/h3>\n<p>Kristina Perez Abreu (1993-1996)<br \/>\nMario Belda (1993-1996)<br \/>\nMontse Latorre (1997-2012)<br \/>\nNatalia Nogales (1997-2003)<br \/>\nNerea Eizagirre (2004-2008)<br \/>\nEndika Moreno (2013-2014)<\/div>\n<\/div><\/p>","protected":false},"excerpt":{"rendered":"","protected":false},"author":1,"featured_media":0,"parent":0,"menu_order":0,"comment_status":"closed","ping_status":"closed","template":"","meta":{"ngg_post_thumbnail":0,"footnotes":""},"class_list":["post-207","page","type-page","status-publish","hentry"],"_links":{"self":[{"href":"https:\/\/www.albokaabesbatza.com\/es\/wp-json\/wp\/v2\/pages\/207","targetHints":{"allow":["GET"]}}],"collection":[{"href":"https:\/\/www.albokaabesbatza.com\/es\/wp-json\/wp\/v2\/pages"}],"about":[{"href":"https:\/\/www.albokaabesbatza.com\/es\/wp-json\/wp\/v2\/types\/page"}],"author":[{"embeddable":true,"href":"https:\/\/www.albokaabesbatza.com\/es\/wp-json\/wp\/v2\/users\/1"}],"replies":[{"embeddable":true,"href":"https:\/\/www.albokaabesbatza.com\/es\/wp-json\/wp\/v2\/comments?post=207"}],"version-history":[{"count":25,"href":"https:\/\/www.albokaabesbatza.com\/es\/wp-json\/wp\/v2\/pages\/207\/revisions"}],"predecessor-version":[{"id":928,"href":"https:\/\/www.albokaabesbatza.com\/es\/wp-json\/wp\/v2\/pages\/207\/revisions\/928"}],"wp:attachment":[{"href":"https:\/\/www.albokaabesbatza.com\/es\/wp-json\/wp\/v2\/media?parent=207"}],"curies":[{"name":"wp","href":"https:\/\/api.w.org\/{rel}","templated":true}]}}