{"id":126,"date":"2015-08-24T19:57:35","date_gmt":"2015-08-24T17:57:35","guid":{"rendered":"http:\/\/localhost\/albokaabesbatza\/?page_id=126"},"modified":"2015-08-24T19:57:35","modified_gmt":"2015-08-24T17:57:35","slug":"alboka-txiki","status":"publish","type":"page","link":"https:\/\/www.albokaabesbatza.com\/es\/alboka-txiki\/","title":{"rendered":"Alboka Txiki"},"content":{"rendered":"<p>No debemos olvidar que Alboka Abesbatza naci\u00f3 con el af\u00e1n de fomentar la cultura musical de nuestro pueblo. Y con el fin de crear una cantera y dar la posibilidad a los ni\u00f1os a los que les gustara la m\u00fasica de hacer algo educativo y creativo, la coral lasarteoriatarra cre\u00f3 en 1993, Alboka Txiki.<\/p>\n<p>Pero no s\u00f3lo eso, durante dos periodos 1995-1996 y 1999-2000, Alboka abesbatza tuvo en marcha Zandategi. Este coro juvenil de voces blancas serv\u00eda de uni\u00f3n entre ambas agrupaciones corales y ofrec\u00eda a las jovenes lasarteoriatarras la posibilidad de seguir cantando.<\/p>\n<p>Alboka Txiki hereda el car\u00e1cter participativo de Alboka. En consecuencia, la coral no s\u00f3lo realiza sus actuaciones habituales, sino que ha participado en actos locales y comarcales.<\/p>\n<p>En 2000, Alboka Txiki particip\u00f3 en la grabaci\u00f3n de canci\u00f3n \u201cTxupi guay\u201d para el marat\u00f3n del euskara, en 2001 y 2002 participa en \u201cHaurren jaialdia\u201d en Andoain; en 2002 y 2004 colabora con la escuela de m\u00fasica en el concierto de Navidad; en 2004, participa en la presentaci\u00f3n de Amaraun Kluba y en 2005, colabora en la grabaci\u00f3n del CD de Amaraun Kluba. Sin olvidar que en 2003, el 10 aniversario de Alboka Txiki o su participaci\u00f3n en Euskararen Maratoia o el Olentzero.<\/p>\n<p>As\u00ed mismo Alboka Txiki traspasa las barreras locales y en 2002 y 2003 viaja a Tarragona y a Barcelona junto con la coral Txepetxa y el grupo de danza Zintxarri del colegio compa\u00f1\u00eda de Mar\u00eda. Colaboraci\u00f3n que se ha mantenido durante varios a\u00f1os.<\/p>","protected":false},"excerpt":{"rendered":"<p>No debemos olvidar que Alboka Abesbatza naci\u00f3 con el af\u00e1n de fomentar la cultura musical de nuestro pueblo. Y con el fin de crear una cantera y dar la posibilidad a los ni\u00f1os a los que les gustara la m\u00fasica de hacer algo educativo y creativo, la coral lasarteoriatarra cre\u00f3 en 1993, Alboka Txiki. Pero &hellip;<\/p>\n","protected":false},"author":1,"featured_media":0,"parent":0,"menu_order":0,"comment_status":"closed","ping_status":"closed","template":"","meta":{"ngg_post_thumbnail":0,"footnotes":""},"class_list":["post-126","page","type-page","status-publish","hentry"],"_links":{"self":[{"href":"https:\/\/www.albokaabesbatza.com\/es\/wp-json\/wp\/v2\/pages\/126","targetHints":{"allow":["GET"]}}],"collection":[{"href":"https:\/\/www.albokaabesbatza.com\/es\/wp-json\/wp\/v2\/pages"}],"about":[{"href":"https:\/\/www.albokaabesbatza.com\/es\/wp-json\/wp\/v2\/types\/page"}],"author":[{"embeddable":true,"href":"https:\/\/www.albokaabesbatza.com\/es\/wp-json\/wp\/v2\/users\/1"}],"replies":[{"embeddable":true,"href":"https:\/\/www.albokaabesbatza.com\/es\/wp-json\/wp\/v2\/comments?post=126"}],"version-history":[{"count":1,"href":"https:\/\/www.albokaabesbatza.com\/es\/wp-json\/wp\/v2\/pages\/126\/revisions"}],"predecessor-version":[{"id":127,"href":"https:\/\/www.albokaabesbatza.com\/es\/wp-json\/wp\/v2\/pages\/126\/revisions\/127"}],"wp:attachment":[{"href":"https:\/\/www.albokaabesbatza.com\/es\/wp-json\/wp\/v2\/media?parent=126"}],"curies":[{"name":"wp","href":"https:\/\/api.w.org\/{rel}","templated":true}]}}