{"id":111,"date":"2015-08-24T18:42:40","date_gmt":"2015-08-24T16:42:40","guid":{"rendered":"http:\/\/localhost\/albokaabesbatza\/?page_id=111"},"modified":"2015-09-05T18:27:31","modified_gmt":"2015-09-05T16:27:31","slug":"socios","status":"publish","type":"page","link":"https:\/\/www.albokaabesbatza.com\/es\/socios\/","title":{"rendered":"Socios"},"content":{"rendered":"<p><div class=\"row \"><div class=\"col-lg-4 col-md-4 col-xs-12 col-sm-12\"><\/p>\n<p>Alboka abesbatza es una entidad sin animo de lucro. Para llevar a cabo su actividad el coro recibe la inestimable ayuda de los socios protectores y ayudas monetarias de diferentes entidades institucionales.<\/p>\n<p>Mediante su contribuci\u00f3n los socios apoyan a una agrupaci\u00f3n local fomentando as\u00ed la cultura. Adem\u00e1s, contribuyen en la labor del coro de dar a conocer nuestra cultura en otras comunidades o pa\u00edses.<\/p>\n<p>Los socios son informados de todas las actividades que realiza el coro. As\u00ed mismo, participan en diversas actividades que organiza la coral, comidas, viajes o excursiones con el fin de estrechar lazos entre las dos partes que conforman Alboka abesbatza, coralistas y socios.<\/div>\n<div class=\"col-lg-8 col-md-8 col-xs-12 col-sm-12\">\n<a  href=\"#\" data-placement=\"top\" title=\"Viaje del coro con los socios en Santander\"  class=\"osc_tooltip \" target=\"_self\"><img decoding=\"async\" src=\"https:\/\/www.albokaabesbatza.com\/wp-content\/uploads\/2015\/08\/Santanderwebop.jpg\" class=\"img-responsive oscitas-res-image\" alt=\"\"><\/a>\n\n    <script>\n        jQuery(document).ready(function() {\n            jQuery('.osc_tooltip').tooltip();\n        });\n    <\/script>\n    \n<\/div>\n<\/div><\/p>","protected":false},"excerpt":{"rendered":"","protected":false},"author":1,"featured_media":0,"parent":0,"menu_order":0,"comment_status":"closed","ping_status":"closed","template":"","meta":{"ngg_post_thumbnail":0,"footnotes":""},"class_list":["post-111","page","type-page","status-publish","hentry"],"_links":{"self":[{"href":"https:\/\/www.albokaabesbatza.com\/es\/wp-json\/wp\/v2\/pages\/111","targetHints":{"allow":["GET"]}}],"collection":[{"href":"https:\/\/www.albokaabesbatza.com\/es\/wp-json\/wp\/v2\/pages"}],"about":[{"href":"https:\/\/www.albokaabesbatza.com\/es\/wp-json\/wp\/v2\/types\/page"}],"author":[{"embeddable":true,"href":"https:\/\/www.albokaabesbatza.com\/es\/wp-json\/wp\/v2\/users\/1"}],"replies":[{"embeddable":true,"href":"https:\/\/www.albokaabesbatza.com\/es\/wp-json\/wp\/v2\/comments?post=111"}],"version-history":[{"count":14,"href":"https:\/\/www.albokaabesbatza.com\/es\/wp-json\/wp\/v2\/pages\/111\/revisions"}],"predecessor-version":[{"id":262,"href":"https:\/\/www.albokaabesbatza.com\/es\/wp-json\/wp\/v2\/pages\/111\/revisions\/262"}],"wp:attachment":[{"href":"https:\/\/www.albokaabesbatza.com\/es\/wp-json\/wp\/v2\/media?parent=111"}],"curies":[{"name":"wp","href":"https:\/\/api.w.org\/{rel}","templated":true}]}}