{"id":109,"date":"2015-08-24T03:01:29","date_gmt":"2015-08-24T01:01:29","guid":{"rendered":"http:\/\/localhost\/albokaabesbatza\/?page_id=109"},"modified":"2020-05-27T17:40:13","modified_gmt":"2020-05-27T15:40:13","slug":"coralistas","status":"publish","type":"page","link":"https:\/\/www.albokaabesbatza.com\/es\/coralistas\/","title":{"rendered":"Coralistas"},"content":{"rendered":"<p>Alboka Abesbatza es una coral amateur en la que la mayor\u00eda de los coralistas no cuentan con estudios previos de m\u00fasica o solfeo. El gusto por el canto nos une a todos sin otra ambici\u00f3n que aprender, mejorar y disfrutar cantando.<\/p>\n<p>Los miembros de Alboka Abesbatza a parte de cantar, realizan viajes conociendo corales de diversas comunidades o pa\u00edses y sus culturas. Adem\u00e1s, realizan diversas actividades que sirven para integrar al grupo, como son las excursiones o las diversas comidas y cenas.<\/p>\n<p><img decoding=\"async\" src=\"https:\/\/www.albokaabesbatza.com\/wp-content\/uploads\/2020\/04\/bBMe2v3g.jpeg\" class=\"img-responsive oscitas-res-image\" alt=\"\"><br \/>\n<\/p>","protected":false},"excerpt":{"rendered":"<p>Alboka Abesbatza es una coral amateur en la que la mayor\u00eda de los coralistas no cuentan con estudios previos de m\u00fasica o solfeo. El gusto por el canto nos une a todos sin otra ambici\u00f3n que aprender, mejorar y disfrutar cantando. Los miembros de Alboka Abesbatza a parte de cantar, realizan viajes conociendo corales de &hellip;<\/p>\n","protected":false},"author":1,"featured_media":478,"parent":0,"menu_order":0,"comment_status":"closed","ping_status":"closed","template":"","meta":{"ngg_post_thumbnail":0,"footnotes":""},"class_list":["post-109","page","type-page","status-publish","has-post-thumbnail","hentry"],"_links":{"self":[{"href":"https:\/\/www.albokaabesbatza.com\/es\/wp-json\/wp\/v2\/pages\/109","targetHints":{"allow":["GET"]}}],"collection":[{"href":"https:\/\/www.albokaabesbatza.com\/es\/wp-json\/wp\/v2\/pages"}],"about":[{"href":"https:\/\/www.albokaabesbatza.com\/es\/wp-json\/wp\/v2\/types\/page"}],"author":[{"embeddable":true,"href":"https:\/\/www.albokaabesbatza.com\/es\/wp-json\/wp\/v2\/users\/1"}],"replies":[{"embeddable":true,"href":"https:\/\/www.albokaabesbatza.com\/es\/wp-json\/wp\/v2\/comments?post=109"}],"version-history":[{"count":6,"href":"https:\/\/www.albokaabesbatza.com\/es\/wp-json\/wp\/v2\/pages\/109\/revisions"}],"predecessor-version":[{"id":525,"href":"https:\/\/www.albokaabesbatza.com\/es\/wp-json\/wp\/v2\/pages\/109\/revisions\/525"}],"wp:featuredmedia":[{"embeddable":true,"href":"https:\/\/www.albokaabesbatza.com\/es\/wp-json\/wp\/v2\/media\/478"}],"wp:attachment":[{"href":"https:\/\/www.albokaabesbatza.com\/es\/wp-json\/wp\/v2\/media?parent=109"}],"curies":[{"name":"wp","href":"https:\/\/api.w.org\/{rel}","templated":true}]}}