{"id":105,"date":"2015-08-24T02:21:24","date_gmt":"2015-08-24T00:21:24","guid":{"rendered":"http:\/\/localhost\/albokaabesbatza\/?page_id=105"},"modified":"2021-04-09T11:58:06","modified_gmt":"2021-04-09T09:58:06","slug":"sobre-alboka","status":"publish","type":"page","link":"https:\/\/www.albokaabesbatza.com\/es\/sobre-alboka\/","title":{"rendered":"Sobre Alboka"},"content":{"rendered":"<p><big><span style=\"color: #333399;\">Alboka Abesbatza es una coral amateur que trabaja con gran esp\u00edritu de superaci\u00f3n y cultiva no s\u00f3lo la m\u00fasica sacra y la m\u00fasica tradicional vasca, sino que interpreta tambi\u00e9n, con entusiasmo, canciones de otras regiones y culturas, siempre en la din\u00e1mica de acometer obras cada vez m\u00e1s audaces en concepci\u00f3n y dificultad.<\/span><\/big><\/p>\n<p><big><span style=\"color: #333399;\">Adem\u00e1s, Alboka Abesbatza promueve la cultura local realizando actuaciones con otros grupos culturales&nbsp; locales e internacionales&nbsp; difundiendo as\u00ed la cultura vasca por otras regiones y pa\u00edses mediante los intercambios corales que organiza.<\/span><\/big><\/p>\n<p><img decoding=\"async\" src=\"https:\/\/www.albokaabesbatza.com\/wp-content\/uploads\/2017\/07\/IMG_6743-2.jpg\" class=\"img-responsive oscitas-res-image\" alt=\"\"><\/p>","protected":false},"excerpt":{"rendered":"<p>Alboka Abesbatza es una coral amateur que trabaja con gran esp\u00edritu de superaci\u00f3n y cultiva no s\u00f3lo la m\u00fasica sacra y la m\u00fasica tradicional vasca, sino que interpreta tambi\u00e9n, con entusiasmo, canciones de otras regiones y culturas, siempre en la din\u00e1mica de acometer obras cada vez m\u00e1s audaces en concepci\u00f3n y dificultad. Adem\u00e1s, Alboka Abesbatza &hellip;<\/p>\n","protected":false},"author":1,"featured_media":0,"parent":0,"menu_order":0,"comment_status":"closed","ping_status":"closed","template":"","meta":{"ngg_post_thumbnail":0,"footnotes":""},"class_list":["post-105","page","type-page","status-publish","hentry"],"_links":{"self":[{"href":"https:\/\/www.albokaabesbatza.com\/es\/wp-json\/wp\/v2\/pages\/105","targetHints":{"allow":["GET"]}}],"collection":[{"href":"https:\/\/www.albokaabesbatza.com\/es\/wp-json\/wp\/v2\/pages"}],"about":[{"href":"https:\/\/www.albokaabesbatza.com\/es\/wp-json\/wp\/v2\/types\/page"}],"author":[{"embeddable":true,"href":"https:\/\/www.albokaabesbatza.com\/es\/wp-json\/wp\/v2\/users\/1"}],"replies":[{"embeddable":true,"href":"https:\/\/www.albokaabesbatza.com\/es\/wp-json\/wp\/v2\/comments?post=105"}],"version-history":[{"count":9,"href":"https:\/\/www.albokaabesbatza.com\/es\/wp-json\/wp\/v2\/pages\/105\/revisions"}],"predecessor-version":[{"id":668,"href":"https:\/\/www.albokaabesbatza.com\/es\/wp-json\/wp\/v2\/pages\/105\/revisions\/668"}],"wp:attachment":[{"href":"https:\/\/www.albokaabesbatza.com\/es\/wp-json\/wp\/v2\/media?parent=105"}],"curies":[{"name":"wp","href":"https:\/\/api.w.org\/{rel}","templated":true}]}}